{"id":54005,"date":"2023-05-02T14:05:09","date_gmt":"2023-05-02T14:05:09","guid":{"rendered":"https:\/\/fmlatribu.com\/noticias\/?page_id=54005"},"modified":"2025-06-03T01:25:55","modified_gmt":"2025-06-03T04:25:55","slug":"archivo-sonoro-la-tribu","status":"publish","type":"page","link":"https:\/\/fmlatribu.com\/noticias\/archivo-sonoro-la-tribu\/","title":{"rendered":"\u201cUn registro de la historia argentina reciente\u201d"},"content":{"rendered":"\t\t<div data-elementor-type=\"wp-page\" data-elementor-id=\"54005\" class=\"elementor elementor-54005\" data-elementor-post-type=\"page\">\n\t\t\t\t\t\t<section class=\"elementor-section elementor-top-section elementor-element elementor-element-2cf114bb elementor-section-boxed elementor-section-height-default elementor-section-height-default rt-parallax-bg-no\" data-id=\"2cf114bb\" data-element_type=\"section\" data-e-type=\"section\">\n\t\t\t\t\t\t<div class=\"elementor-container elementor-column-gap-default\">\n\t\t\t\t\t<div class=\"elementor-column elementor-col-100 elementor-top-column elementor-element elementor-element-53860145\" data-id=\"53860145\" data-element_type=\"column\" data-e-type=\"column\">\n\t\t\t<div class=\"elementor-widget-wrap elementor-element-populated\">\n\t\t\t\t\t\t<div class=\"elementor-element elementor-element-177d6e4 elementor-widget elementor-widget-image\" data-id=\"177d6e4\" data-element_type=\"widget\" data-e-type=\"widget\" data-widget_type=\"image.default\">\n\t\t\t\t<div class=\"elementor-widget-container\">\n\t\t\t\t\t\t\t\t\t\t\t\t\t\t\t<img fetchpriority=\"high\" decoding=\"async\" width=\"1024\" height=\"190\" src=\"https:\/\/fmlatribu.com\/noticias\/wp-content\/uploads\/2024\/06\/archivo-sonoro-1-1024x190.png\" class=\"attachment-large size-large wp-image-56569\" alt=\"\" srcset=\"https:\/\/fmlatribu.com\/noticias\/wp-content\/uploads\/2024\/06\/archivo-sonoro-1-1024x190.png 1024w, https:\/\/fmlatribu.com\/noticias\/wp-content\/uploads\/2024\/06\/archivo-sonoro-1-300x56.png 300w, https:\/\/fmlatribu.com\/noticias\/wp-content\/uploads\/2024\/06\/archivo-sonoro-1-768x143.png 768w, https:\/\/fmlatribu.com\/noticias\/wp-content\/uploads\/2024\/06\/archivo-sonoro-1-1536x285.png 1536w, https:\/\/fmlatribu.com\/noticias\/wp-content\/uploads\/2024\/06\/archivo-sonoro-1-2048x380.png 2048w\" sizes=\"(max-width: 1024px) 100vw, 1024px\" \/>\t\t\t\t\t\t\t\t\t\t\t\t\t\t\t<\/div>\n\t\t\t\t<\/div>\n\t\t\t\t<div class=\"elementor-element elementor-element-4c1a0a0e elementor-widget elementor-widget-text-editor\" data-id=\"4c1a0a0e\" data-element_type=\"widget\" data-e-type=\"widget\" data-widget_type=\"text-editor.default\">\n\t\t\t\t<div class=\"elementor-widget-container\">\n\t\t\t\t\t\t\t\t\t<p><\/p>\n<p><strong>El archivo de FM La Tribu es un registro de la historia reciente de Argentina: la consolidaci\u00f3n del neoliberalismo en los noventa, la crisis econ\u00f3mica, el quiebre del 2001, la organizaci\u00f3n popular, los movimientos sociales de fin de siglo, los feminismos y las voces de la disidencia LGBTIQ, los juicios a las juntas militares de la \u00faltima dictadura c\u00edvico eclesi\u00e1stica militar, los debates y la lucha hacia una Ley de Servicios de Comunicaci\u00f3n Audiovisual que reemplace la de la dictadura<\/strong>, entre otros. Todos temas que est\u00e1n siendo abordados, analizados e investigados actualmente por las Ciencias Sociales, por eso tenemos la certeza que la puesta en valor ser\u00e1 un aporte fundamental a entender esa parte de nuestra historia, desde una perspectiva propia: la de las bases populares, las organizaciones sociales, los movimientos estudiantiles.<\/p>\n<p><\/p>\t\t\t\t\t\t\t\t<\/div>\n\t\t\t\t<\/div>\n\t\t\t\t\t<\/div>\n\t\t<\/div>\n\t\t\t\t\t<\/div>\n\t\t<\/section>\n\t\t\t\t<section class=\"elementor-section elementor-top-section elementor-element elementor-element-454e39f elementor-section-boxed elementor-section-height-default elementor-section-height-default rt-parallax-bg-no\" data-id=\"454e39f\" data-element_type=\"section\" data-e-type=\"section\">\n\t\t\t\t\t\t<div class=\"elementor-container elementor-column-gap-default\">\n\t\t\t\t\t<div class=\"elementor-column elementor-col-50 elementor-top-column elementor-element elementor-element-a3dfaad\" data-id=\"a3dfaad\" data-element_type=\"column\" data-e-type=\"column\">\n\t\t\t<div class=\"elementor-widget-wrap elementor-element-populated\">\n\t\t\t\t\t\t<section class=\"elementor-section elementor-inner-section elementor-element elementor-element-689f8de elementor-section-boxed elementor-section-height-default elementor-section-height-default rt-parallax-bg-no\" data-id=\"689f8de\" data-element_type=\"section\" data-e-type=\"section\">\n\t\t\t\t\t\t<div class=\"elementor-container elementor-column-gap-default\">\n\t\t\t\t\t<div class=\"elementor-column elementor-col-100 elementor-inner-column elementor-element elementor-element-ab6b035\" data-id=\"ab6b035\" data-element_type=\"column\" data-e-type=\"column\" data-settings=\"{&quot;background_background&quot;:&quot;classic&quot;}\">\n\t\t\t<div class=\"elementor-widget-wrap elementor-element-populated\">\n\t\t\t\t\t\t<div class=\"elementor-element elementor-element-c5c3c84 elementor-widget__width-initial elementor-widget elementor-widget-text-editor\" data-id=\"c5c3c84\" data-element_type=\"widget\" data-e-type=\"widget\" data-widget_type=\"text-editor.default\">\n\t\t\t\t<div class=\"elementor-widget-container\">\n\t\t\t\t\t\t\t\t\t<p><strong>Grabado en el aire: Una gu\u00eda (posible) para la puesta en valor de archivos de radio en casetes<\/strong><\/p>\t\t\t\t\t\t\t\t<\/div>\n\t\t\t\t<\/div>\n\t\t\t\t<div class=\"elementor-element elementor-element-fb2508f elementor-align-center elementor-widget elementor-widget-button\" data-id=\"fb2508f\" data-element_type=\"widget\" data-e-type=\"widget\" data-widget_type=\"button.default\">\n\t\t\t\t<div class=\"elementor-widget-container\">\n\t\t\t\t\t\t\t\t\t<div class=\"elementor-button-wrapper\">\n\t\t\t\t\t<a class=\"elementor-button elementor-button-link elementor-size-sm\" href=\"https:\/\/fmlatribu.com\/noticias\/archivo-sonoro\/\" target=\"_blank\">\n\t\t\t\t\t\t<span class=\"elementor-button-content-wrapper\">\n\t\t\t\t\t\t<span class=\"elementor-button-icon\">\n\t\t\t\t<i aria-hidden=\"true\" class=\"fas fa-file-download\"><\/i>\t\t\t<\/span>\n\t\t\t\t\t\t\t\t\t<span class=\"elementor-button-text\">Ver documento<\/span>\n\t\t\t\t\t<\/span>\n\t\t\t\t\t<\/a>\n\t\t\t\t<\/div>\n\t\t\t\t\t\t\t\t<\/div>\n\t\t\t\t<\/div>\n\t\t\t\t\t<\/div>\n\t\t<\/div>\n\t\t\t\t\t<\/div>\n\t\t<\/section>\n\t\t\t\t<div class=\"elementor-element elementor-element-834556c elementor-widget elementor-widget-image\" data-id=\"834556c\" data-element_type=\"widget\" data-e-type=\"widget\" data-widget_type=\"image.default\">\n\t\t\t\t<div class=\"elementor-widget-container\">\n\t\t\t\t\t\t\t\t\t\t\t\t\t\t\t<img decoding=\"async\" width=\"960\" height=\"520\" src=\"https:\/\/fmlatribu.com\/noticias\/wp-content\/uploads\/2023\/07\/grabado_en_el_aire_tapa-960x520.jpg\" class=\"attachment-neeon-size2 size-neeon-size2 wp-image-54635\" alt=\"\" srcset=\"https:\/\/fmlatribu.com\/noticias\/wp-content\/uploads\/2023\/07\/grabado_en_el_aire_tapa-960x520.jpg 960w, https:\/\/fmlatribu.com\/noticias\/wp-content\/uploads\/2023\/07\/grabado_en_el_aire_tapa-1296x700.jpg 1296w\" sizes=\"(max-width: 960px) 100vw, 960px\" \/>\t\t\t\t\t\t\t\t\t\t\t\t\t\t\t<\/div>\n\t\t\t\t<\/div>\n\t\t\t\t\t<\/div>\n\t\t<\/div>\n\t\t\t\t<div class=\"elementor-column elementor-col-50 elementor-top-column elementor-element elementor-element-194d798\" data-id=\"194d798\" data-element_type=\"column\" data-e-type=\"column\">\n\t\t\t<div class=\"elementor-widget-wrap elementor-element-populated\">\n\t\t\t\t\t\t<div class=\"elementor-element elementor-element-5cf978b elementor-widget elementor-widget-text-editor\" data-id=\"5cf978b\" data-element_type=\"widget\" data-e-type=\"widget\" data-widget_type=\"text-editor.default\">\n\t\t\t\t<div class=\"elementor-widget-container\">\n\t\t\t\t\t\t\t\t\t<p><span style=\"font-weight: 400;\">Desde sus inicios <strong>La Tribu<\/strong> se plante\u00f3, como <strong>proyecto comunicacional, articular la multiplicidad de voces y propuestas de manera coherente y con un \u201cmodo de decir\u201d<\/strong> que la identificara, y que permitiera <strong>identificarse con otrxs<\/strong>. La Tribu no considera a las personas como \u201coyentxs\u201d sino como \u201cradioparticipantxs\u201d. Ellxs son parte de la construcci\u00f3n de ese modo de decir con su participaci\u00f3n activa: sugieren, preguntan, cuestionan, son parte. <em><strong>\u00bfQui\u00e9nes escuchan La Tribu?<\/strong><\/em> La respuesta es bastante amplia y va en l\u00ednea con la amplitud de la programaci\u00f3n que busca abarcar las problem\u00e1ticas territoriales, tanto del barrio de Almagro, como de la Ciudad de Buenos Aires y, con una mirada federal, aquellos lugares del pa\u00eds cuyas problem\u00e1ticas no se ven reflejadas en los medios hegem\u00f3nicos, promoviendo el ejercicio activo de la ciudadan\u00eda, la lucha por los derechos, complejizando las representaciones habitualmente estereotipadas en la sociedad. Se busca interpelar a la persona en tanto ciudadanx activx, al pueblo en tanto sujetx movilizadx, al barrio y sus vecinxs comprometidxs con el entorno que habitan junto con otrxs.<\/span><\/p>\t\t\t\t\t\t\t\t<\/div>\n\t\t\t\t<\/div>\n\t\t\t\t\t<\/div>\n\t\t<\/div>\n\t\t\t\t\t<\/div>\n\t\t<\/section>\n\t\t\t\t<section class=\"elementor-section elementor-top-section elementor-element elementor-element-9d5f382 elementor-section-boxed elementor-section-height-default elementor-section-height-default rt-parallax-bg-no\" data-id=\"9d5f382\" data-element_type=\"section\" data-e-type=\"section\">\n\t\t\t\t\t\t<div class=\"elementor-container elementor-column-gap-default\">\n\t\t\t\t\t<div class=\"elementor-column elementor-col-100 elementor-top-column elementor-element elementor-element-188e92f\" data-id=\"188e92f\" data-element_type=\"column\" data-e-type=\"column\">\n\t\t\t<div class=\"elementor-widget-wrap elementor-element-populated\">\n\t\t\t\t\t\t<div class=\"elementor-element elementor-element-8040633 elementor-widget elementor-widget-text-editor\" data-id=\"8040633\" data-element_type=\"widget\" data-e-type=\"widget\" data-widget_type=\"text-editor.default\">\n\t\t\t\t<div class=\"elementor-widget-container\">\n\t\t\t\t\t\t\t\t\t<p style=\"text-align: justify;\"><strong style=\"text-align: var(--bs-body-text-align);\">La Tribu 2 a\u00f1os en el aire y con los pies en la tierra<\/strong><\/p>\n<p>Archivo sonoro del 19 de junio de 1991.<\/p>\n<audio class=\"wp-audio-shortcode\" id=\"audio-54005-1\" preload=\"none\" style=\"width: 100%;\" controls=\"controls\"><source type=\"audio\/mpeg\" src=\"https:\/\/fmlatribu.com\/noticias\/wp-content\/uploads\/2023\/05\/AR-LT-C-0250-A.mp3?_=1\" \/><a href=\"https:\/\/fmlatribu.com\/noticias\/wp-content\/uploads\/2023\/05\/AR-LT-C-0250-A.mp3\">https:\/\/fmlatribu.com\/noticias\/wp-content\/uploads\/2023\/05\/AR-LT-C-0250-A.mp3<\/a><\/audio>\n<p><a href=\"https:\/\/fmlatribu.com\/noticias\/wp-content\/uploads\/2023\/05\/AR-LT-C-0250-A.mp3\">Descargar<\/a><\/p>\n<p>\u00a0<\/p>\n<p><b>Programa \u201cLa m\u00e1scara\u00a0de la medusa\u201d<\/b><br \/>Archivo sonoro de emisiones de los a\u00f1os 1993 y 1994, los martes a la medianoche. Los homosexuales \u2013 Travestis en la m\u00e1scara.<\/p>\n<audio class=\"wp-audio-shortcode\" id=\"audio-54005-2\" preload=\"none\" style=\"width: 100%;\" controls=\"controls\"><source type=\"audio\/mpeg\" src=\"https:\/\/fmlatribu.com\/noticias\/wp-content\/uploads\/2023\/05\/AR-LT-C-0196-A.mp3?_=2\" \/><source type=\"\" src=\"https:\/\/fmlatribu.com\/noticias\/wp-content\/uploads\/2023\/05\/AR-LT-C-0440-A?_=2\" \/><a href=\"https:\/\/fmlatribu.com\/noticias\/wp-content\/uploads\/2023\/05\/AR-LT-C-0196-A.mp3\">https:\/\/fmlatribu.com\/noticias\/wp-content\/uploads\/2023\/05\/AR-LT-C-0196-A.mp3<\/a><\/audio>\n<p><a href=\"https:\/\/fmlatribu.com\/noticias\/wp-content\/uploads\/2023\/05\/AR-LT-C-0440-A.mp3\">Descargar<\/a><\/p>\n<p>\u00a0<\/p>\n<p><strong>Derechos Humanos<br \/><\/strong>Archivo sonoro de septiembre, octubre, noviembre y diciembre del 2003, con testimonios de Raimundi Aguika, el MoCaSe, grupos armados vs campesinos. Aportes del Fiscal de Bah\u00eda Blanca por la extradici\u00f3n a Astiz. Marta Vedia de APDH La Plata. Mar\u00eda del Carmen Verd\u00fa de CORREPI por Walter Bulacio y la CIDH.<\/p>\n<audio class=\"wp-audio-shortcode\" id=\"audio-54005-3\" preload=\"none\" style=\"width: 100%;\" controls=\"controls\"><source type=\"audio\/mpeg\" src=\"https:\/\/fmlatribu.com\/noticias\/wp-content\/uploads\/2023\/05\/AR-LT-C-0196-A.mp3?_=3\" \/><a href=\"https:\/\/fmlatribu.com\/noticias\/wp-content\/uploads\/2023\/05\/AR-LT-C-0196-A.mp3\">https:\/\/fmlatribu.com\/noticias\/wp-content\/uploads\/2023\/05\/AR-LT-C-0196-A.mp3<\/a><\/audio>\n<p><a href=\"https:\/\/fmlatribu.com\/noticias\/wp-content\/uploads\/2023\/05\/AR-LT-C-0196-A.mp3\">Descargar<\/a><\/p>\n<p>\u00a0<\/p>\n<p><strong>Conflictos sociales<br \/><\/strong>Archivo sonoro marzo\u00a0 2004. Marcha CTA. Movilizaci\u00f3n de Castells por el Proyecto de Congreso Piquetero. Uni\u00f3n Ferroviaria. Cooperativa Maderera en C\u00f3rdoba. Ingenio El Tabacal. Comunidad Aba Guaran\u00ed.<\/p>\n<audio class=\"wp-audio-shortcode\" id=\"audio-54005-4\" preload=\"none\" style=\"width: 100%;\" controls=\"controls\"><source type=\"audio\/mpeg\" src=\"https:\/\/fmlatribu.com\/noticias\/wp-content\/uploads\/2023\/05\/AR-LT-C-0240-A.mp3?_=4\" \/><a href=\"https:\/\/fmlatribu.com\/noticias\/wp-content\/uploads\/2023\/05\/AR-LT-C-0240-A.mp3\">https:\/\/fmlatribu.com\/noticias\/wp-content\/uploads\/2023\/05\/AR-LT-C-0240-A.mp3<\/a><\/audio>\n<p><a href=\"https:\/\/fmlatribu.com\/noticias\/wp-content\/uploads\/2023\/05\/AR-LT-C-0240-A\">Descargar<\/a><\/p>\t\t\t\t\t\t\t\t<\/div>\n\t\t\t\t<\/div>\n\t\t\t\t<div class=\"elementor-element elementor-element-4f724a6 elementor-cta--skin-classic elementor-animated-content elementor-bg-transform elementor-bg-transform-zoom-in elementor-widget elementor-widget-call-to-action\" data-id=\"4f724a6\" data-element_type=\"widget\" data-e-type=\"widget\" data-widget_type=\"call-to-action.default\">\n\t\t\t\t<div class=\"elementor-widget-container\">\n\t\t\t\t\t\t\t<a class=\"elementor-cta\" href=\"https:\/\/archive.org\/details\/@archivo_sonoro_la_tribu?sort=titleSorter\" target=\"_blank\">\n\t\t\t\t\t<div class=\"elementor-cta__bg-wrapper\">\n\t\t\t\t<div class=\"elementor-cta__bg elementor-bg\" style=\"background-image: url(https:\/\/fmlatribu.com\/noticias\/wp-content\/uploads\/2024\/06\/archivo-sonoro-movil-1024x294.png);\" role=\"img\" aria-label=\"archivo sonoro movil\"><\/div>\n\t\t\t\t<div class=\"elementor-cta__bg-overlay\"><\/div>\n\t\t\t<\/div>\n\t\t\t\t\t\t\t<div class=\"elementor-cta__content\">\n\t\t\t\t\n\t\t\t\t\t\t\t\t\t<div class=\"elementor-cta__title elementor-cta__content-item elementor-content-item\">\n\t\t\t\t\t\tEn el marco de los 30 a\u00f1os de existencia el colectivo de comunicaci\u00f3n y cultura La Tribu FM 88.7 considera de vital importancia la recuperaci\u00f3n y conservaci\u00f3n de su acervo. En su ejercicio radiof\u00f3nico, el modo de acceso, transmisi\u00f3n y construcci\u00f3n de informaci\u00f3n, constituye una pieza importante y activa para la memoria colectiva.\t\t\t\t\t<\/div>\n\t\t\t\t\n\t\t\t\t\t\t\t\t\t<div class=\"elementor-cta__description elementor-cta__content-item elementor-content-item\">\n\t\t\t\t\t\tConsult\u00e1 el archivo completo haciendo click ac\u00e1\t\t\t\t\t<\/div>\n\t\t\t\t\n\t\t\t\t\t\t\t\t\t<div class=\"elementor-cta__button-wrapper elementor-cta__content-item elementor-content-item \">\n\t\t\t\t\t<span class=\"elementor-cta__button elementor-button elementor-size-\">\n\t\t\t\t\t\tVer archivo\t\t\t\t\t<\/span>\n\t\t\t\t\t<\/div>\n\t\t\t\t\t\t\t<\/div>\n\t\t\t\t\t\t<\/a>\n\t\t\t\t\t\t<\/div>\n\t\t\t\t<\/div>\n\t\t\t\t\t<\/div>\n\t\t<\/div>\n\t\t\t\t\t<\/div>\n\t\t<\/section>\n\t\t\t\t<\/div>\n\t\t","protected":false},"excerpt":{"rendered":"<p>El archivo de FM La Tribu es un registro de la historia reciente de Argentina: la consolidaci\u00f3n del neoliberalismo en los noventa, la crisis econ\u00f3mica, el quiebre del 2001, la organizaci\u00f3n popular, los movimientos sociales de fin de siglo, los feminismos y las voces de la disidencia LGBTIQ, los juicios a las juntas militares de [&hellip;]<\/p>\n","protected":false},"author":2,"featured_media":0,"parent":0,"menu_order":0,"comment_status":"closed","ping_status":"closed","template":"","meta":{"footnotes":""},"class_list":["post-54005","page","type-page","status-publish","hentry"],"_links":{"self":[{"href":"https:\/\/fmlatribu.com\/noticias\/wp-json\/wp\/v2\/pages\/54005","targetHints":{"allow":["GET"]}}],"collection":[{"href":"https:\/\/fmlatribu.com\/noticias\/wp-json\/wp\/v2\/pages"}],"about":[{"href":"https:\/\/fmlatribu.com\/noticias\/wp-json\/wp\/v2\/types\/page"}],"author":[{"embeddable":true,"href":"https:\/\/fmlatribu.com\/noticias\/wp-json\/wp\/v2\/users\/2"}],"replies":[{"embeddable":true,"href":"https:\/\/fmlatribu.com\/noticias\/wp-json\/wp\/v2\/comments?post=54005"}],"version-history":[{"count":91,"href":"https:\/\/fmlatribu.com\/noticias\/wp-json\/wp\/v2\/pages\/54005\/revisions"}],"predecessor-version":[{"id":58735,"href":"https:\/\/fmlatribu.com\/noticias\/wp-json\/wp\/v2\/pages\/54005\/revisions\/58735"}],"wp:attachment":[{"href":"https:\/\/fmlatribu.com\/noticias\/wp-json\/wp\/v2\/media?parent=54005"}],"curies":[{"name":"wp","href":"https:\/\/api.w.org\/{rel}","templated":true}]}}